{"id":18401,"date":"2022-01-05T14:20:27","date_gmt":"2022-01-05T14:20:27","guid":{"rendered":"https:\/\/shop.mckili.nl\/shop\/uncategorized\/ayala-brut-majeur\/"},"modified":"2022-01-05T14:20:27","modified_gmt":"2022-01-05T14:20:27","slug":"ayala-brut-majeur","status":"publish","type":"product","link":"https:\/\/shop.mckili.nl\/en\/shop\/wine-shop\/wine\/sparkling\/ayala-brut-majeur\/","title":{"rendered":"Ayala Brut Majeur"},"content":{"rendered":"<p>Product Description<\/p>\n<p>Ayala Brut Majeur embodies the fresh and elegant style of this Champagne house. A true ambassador! Long aging in the cellars and a low dosage make this Champagne suitable for any occasion. Ayala Brut Majeur has a light golden color and rich, fine bubbles. Inviting, expressive and fruity with a lovely long finish.    <\/p>\n<p>Wine and food<\/p>\n<p>As a festive aperitif, with refined starters and light main dishes. For example, a salad of sweetbreads, oysters, warm lobster and scallops. Also pairs well with a fresh dessert with fresh fruit or tarte tatin.  <\/p>\n<ul>\n<li><strong>Country: <\/strong>France<\/li>\n<li><strong>Region: <\/strong>Champagne<\/li>\n<li><strong>Appellation: <\/strong>AC Champagne<\/li>\n<li><strong>Winery: <\/strong>Champagne Ayala<\/li>\n<li><strong>Wine type: <\/strong>Sparkling white<\/li>\n<li><strong>Item number: <\/strong>80210600<\/li>\n<li><strong>Content: <\/strong>75<\/li>\n<li><strong>Alcohol content: <\/strong>12<\/li>\n<li><strong>Cepage: <\/strong>40% Chardonnay, 40% Pinot Noir, 20% Pinot Meunier<\/li>\n<li><strong>Allergens: <\/strong>Contains Sulfites<\/li>\n<li><strong>Winery description: <\/strong>Ayala -since 1860- is a relatively small champagne house, but produces high-quality champagnes. This boutique winery has been owned by the Soci\u00e9t\u00e9 Jacques Bollinger since 2005. Grapes come mainly from Grand and Premier Cru vineyards and only the first pressing (cuv\u00e9) is used. All wines age considerably longer than the appellation requires. Characteristic of Ayala is the low dosage of added sugars. The result is a champagne with a very low residual sweetness and therefore a drier, more pure taste.     <\/li>\n<li><strong>Minimum age: <\/strong>No 18, no alcohol<\/li>\n<li><strong>CAUTION: <\/strong>Alcohol consumption harms pregnancy<\/li>\n<\/ul>\n","protected":false},"excerpt":{"rendered":"<p>Product Description Ayala Brut Majeur embodies the fresh and elegant style of this Champagne house. A true ambassador! Long aging<\/p>\n","protected":false},"featured_media":18127,"comment_status":"closed","ping_status":"closed","template":"","meta":[],"product_brand":[],"product_cat":[203,204,232],"product_tag":[],"class_list":{"0":"post-18401","1":"product","2":"type-product","3":"status-publish","4":"has-post-thumbnail","6":"product_cat-wine-shop","7":"product_cat-wine","8":"product_cat-sparkling","10":"first","11":"instock","12":"taxable","13":"shipping-taxable","14":"purchasable","15":"product-type-simple"},"_links":{"self":[{"href":"https:\/\/shop.mckili.nl\/en\/wp-json\/wp\/v2\/product\/18401","targetHints":{"allow":["GET"]}}],"collection":[{"href":"https:\/\/shop.mckili.nl\/en\/wp-json\/wp\/v2\/product"}],"about":[{"href":"https:\/\/shop.mckili.nl\/en\/wp-json\/wp\/v2\/types\/product"}],"replies":[{"embeddable":true,"href":"https:\/\/shop.mckili.nl\/en\/wp-json\/wp\/v2\/comments?post=18401"}],"version-history":[{"count":0,"href":"https:\/\/shop.mckili.nl\/en\/wp-json\/wp\/v2\/product\/18401\/revisions"}],"wp:featuredmedia":[{"embeddable":true,"href":"https:\/\/shop.mckili.nl\/en\/wp-json\/wp\/v2\/media\/18127"}],"wp:attachment":[{"href":"https:\/\/shop.mckili.nl\/en\/wp-json\/wp\/v2\/media?parent=18401"}],"wp:term":[{"taxonomy":"product_brand","embeddable":true,"href":"https:\/\/shop.mckili.nl\/en\/wp-json\/wp\/v2\/product_brand?post=18401"},{"taxonomy":"product_cat","embeddable":true,"href":"https:\/\/shop.mckili.nl\/en\/wp-json\/wp\/v2\/product_cat?post=18401"},{"taxonomy":"product_tag","embeddable":true,"href":"https:\/\/shop.mckili.nl\/en\/wp-json\/wp\/v2\/product_tag?post=18401"}],"curies":[{"name":"wp","href":"https:\/\/api.w.org\/{rel}","templated":true}]}}